{"id":253,"date":"2022-12-28T08:58:08","date_gmt":"2022-12-28T08:58:08","guid":{"rendered":"https:\/\/aapm.md\/?page_id=253"},"modified":"2023-01-09T12:41:44","modified_gmt":"2023-01-09T12:41:44","slug":"basarabia-srl","status":"publish","type":"page","link":"https:\/\/aapm.md\/ru\/basarabia-srl\/","title":{"rendered":"S.C.\u00a0 \u00ab\u041a\u043e\u043c\u0441\u043e\u043c\u043e\u043b\u044c\u0441\u043a\u0430\u044f \u043f\u0440\u0430\u0432\u0434\u0430 &#8212; Basarabia\u00bb SRL"},"content":{"rendered":"\n<p>\u041f\u0435\u0440\u0438\u043e\u0434\u0438\u0447\u0435\u0441\u043a\u043e\u0435 \u0438\u0437\u0434\u0430\u043d\u0438\u0435 \u201d\u041a\u043e\u043c\u0441\u043e\u043c\u043e\u043b\u044c\u0441\u043a\u0430\u044f \u043f\u0440\u0430\u0432\u0434\u0430\u201d.<\/p>\n\n\n\n<p><strong>\u041a\u043e\u043d\u0442\u0430\u043a\u0442\u044b:<\/strong><br>MD-2012,\u00a0Chi\u0219in\u0103u, str. Vlaicu P\u00e2rc\u0103lab 45-\u0410, et. 5<br>Tel: +373 22 22 45 12<br><a href=\"mailto:kp@kp.md\">kp@kp.md<\/a>\u00a0<\/p>\n\n\n\n<p><strong>\u0420\u0443\u043a\u043e\u0432\u043e\u0434\u0438\u0442\u0435\u043b\u044c:<\/strong><\/p>\n\n\n\n<p>\u0414\u0438\u0440\u0435\u043a\u0442\u043e\u0440 \u0421\u0435\u0440\u0433\u0435\u0439 \u0427\u0443\u0440\u0438\u043a\u043e\u0432<\/p>\n","protected":false},"excerpt":{"rendered":"<p>\u041f\u0435\u0440\u0438\u043e\u0434\u0438\u0447\u0435\u0441\u043a\u043e\u0435 \u0438\u0437\u0434\u0430\u043d\u0438\u0435 \u201d\u041a\u043e\u043c\u0441\u043e\u043c\u043e\u043b\u044c\u0441\u043a\u0430\u044f \u043f\u0440\u0430\u0432\u0434\u0430\u201d. \u041a\u043e\u043d\u0442\u0430\u043a\u0442\u044b:MD-2012,\u00a0Chi\u0219in\u0103u, str. Vlaicu P\u00e2rc\u0103lab 45-\u0410, et. 5Tel: +373 22 22 45 12kp@kp.md\u00a0 \u0420\u0443\u043a\u043e\u0432\u043e\u0434\u0438\u0442\u0435\u043b\u044c: \u0414\u0438\u0440\u0435\u043a\u0442\u043e\u0440 \u0421\u0435\u0440\u0433\u0435\u0439 \u0427\u0443\u0440\u0438\u043a\u043e\u0432<\/p>\n","protected":false},"author":1,"featured_media":0,"parent":0,"menu_order":0,"comment_status":"closed","ping_status":"closed","template":"","meta":{"footnotes":""},"class_list":["post-253","page","type-page","status-publish","hentry"],"_links":{"self":[{"href":"https:\/\/aapm.md\/ru\/wp-json\/wp\/v2\/pages\/253","targetHints":{"allow":["GET"]}}],"collection":[{"href":"https:\/\/aapm.md\/ru\/wp-json\/wp\/v2\/pages"}],"about":[{"href":"https:\/\/aapm.md\/ru\/wp-json\/wp\/v2\/types\/page"}],"author":[{"embeddable":true,"href":"https:\/\/aapm.md\/ru\/wp-json\/wp\/v2\/users\/1"}],"replies":[{"embeddable":true,"href":"https:\/\/aapm.md\/ru\/wp-json\/wp\/v2\/comments?post=253"}],"version-history":[{"count":2,"href":"https:\/\/aapm.md\/ru\/wp-json\/wp\/v2\/pages\/253\/revisions"}],"predecessor-version":[{"id":352,"href":"https:\/\/aapm.md\/ru\/wp-json\/wp\/v2\/pages\/253\/revisions\/352"}],"wp:attachment":[{"href":"https:\/\/aapm.md\/ru\/wp-json\/wp\/v2\/media?parent=253"}],"curies":[{"name":"wp","href":"https:\/\/api.w.org\/{rel}","templated":true}]}}